{"id":43,"date":"2024-09-27T19:29:30","date_gmt":"2024-09-27T19:29:30","guid":{"rendered":"https:\/\/flajs.eu\/?page_id=43"},"modified":"2026-01-24T16:10:25","modified_gmt":"2026-01-24T16:10:25","slug":"reference","status":"publish","type":"page","link":"https:\/\/flajs.eu\/index.php\/reference\/","title":{"rendered":"Reference"},"content":{"rendered":"\n<p>Tukaj si lahko ogledate nekaj preteklih projektov:<\/p>\n\n\n\n<p><strong>Izdelava kopalnice<\/strong><\/p>\n\n\n\n<p>Pri projektu kopalnice smo naredili kompletno storitev. Torej vse od suhomonta\u017enih sten, polaganja plo\u0161\u010dic, polaganja spc panelov in vgradnja tu\u0161 kadi.<\/p>\n\n\n\n<figure class=\"wp-block-gallery has-nested-images columns-default is-cropped wp-block-gallery-1 is-layout-flex wp-block-gallery-is-layout-flex\">\n<figure class=\"wp-block-image size-large is-resized\"><img loading=\"lazy\" decoding=\"async\" width=\"768\" height=\"1024\" data-id=\"90\" src=\"https:\/\/flajs.eu\/wp-content\/uploads\/2026\/01\/20251210_132425-1-768x1024.jpg\" alt=\"\" class=\"wp-image-90\" style=\"width:164px;height:auto\" srcset=\"https:\/\/flajs.eu\/wp-content\/uploads\/2026\/01\/20251210_132425-1-768x1024.jpg 768w, https:\/\/flajs.eu\/wp-content\/uploads\/2026\/01\/20251210_132425-1-225x300.jpg 225w, https:\/\/flajs.eu\/wp-content\/uploads\/2026\/01\/20251210_132425-1-1152x1536.jpg 1152w, https:\/\/flajs.eu\/wp-content\/uploads\/2026\/01\/20251210_132425-1-1536x2048.jpg 1536w, https:\/\/flajs.eu\/wp-content\/uploads\/2026\/01\/20251210_132425-1-scaled.jpg 1920w\" sizes=\"auto, (max-width: 768px) 100vw, 768px\" \/><\/figure>\n\n\n\n<figure class=\"wp-block-image size-large is-resized\"><img loading=\"lazy\" decoding=\"async\" width=\"768\" height=\"1024\" data-id=\"91\" src=\"https:\/\/flajs.eu\/wp-content\/uploads\/2026\/01\/20260119_090830-1-768x1024.jpg\" alt=\"\" class=\"wp-image-91\" style=\"width:169px;height:auto\" srcset=\"https:\/\/flajs.eu\/wp-content\/uploads\/2026\/01\/20260119_090830-1-768x1024.jpg 768w, https:\/\/flajs.eu\/wp-content\/uploads\/2026\/01\/20260119_090830-1-225x300.jpg 225w, https:\/\/flajs.eu\/wp-content\/uploads\/2026\/01\/20260119_090830-1-1152x1536.jpg 1152w, https:\/\/flajs.eu\/wp-content\/uploads\/2026\/01\/20260119_090830-1-1536x2048.jpg 1536w, https:\/\/flajs.eu\/wp-content\/uploads\/2026\/01\/20260119_090830-1-scaled.jpg 1920w\" sizes=\"auto, (max-width: 768px) 100vw, 768px\" \/><\/figure>\n<\/figure>\n\n\n\n<p><strong>Monta\u017ea kuhinje. <\/strong><\/p>\n\n\n\n<p>Ali ni super, ko ti ni treba klicati treh mojstrov za monta\u017eo kuhinje, ampak ti vse naredi en mojster? Seveda je, na\u0161i stranki tako ni bilo treba klicati in \u010dakati  mizarja(za sestavo omaric in izrez za korito in steklokerami\u010dno plo\u0161\u010do), elektri\u010darja (za priklop pe\u010dice, steklokerami\u010dne plo\u0161\u010de in vgradnega hladilnika) in vodovodarja (za monta\u017eo korita, pipe in sifona). <\/p>\n\n\n\n<figure class=\"wp-block-image size-large is-resized\"><img loading=\"lazy\" decoding=\"async\" width=\"1024\" height=\"771\" src=\"https:\/\/flajs.eu\/wp-content\/uploads\/2024\/09\/IMG_20240830_090953-1024x771.jpg\" alt=\"\" class=\"wp-image-44\" style=\"width:351px;height:auto\" srcset=\"https:\/\/flajs.eu\/wp-content\/uploads\/2024\/09\/IMG_20240830_090953-1024x771.jpg 1024w, https:\/\/flajs.eu\/wp-content\/uploads\/2024\/09\/IMG_20240830_090953-300x226.jpg 300w, https:\/\/flajs.eu\/wp-content\/uploads\/2024\/09\/IMG_20240830_090953-768x578.jpg 768w, https:\/\/flajs.eu\/wp-content\/uploads\/2024\/09\/IMG_20240830_090953-1536x1157.jpg 1536w, https:\/\/flajs.eu\/wp-content\/uploads\/2024\/09\/IMG_20240830_090953-2048x1542.jpg 2048w\" sizes=\"auto, (max-width: 1024px) 100vw, 1024px\" \/><figcaption class=\"wp-element-caption\">Kon\u010dana kuhinja<\/figcaption><\/figure>\n\n\n\n<p>Lahko pa se samo zamenja gospodinjske aparate ter korito in pipa<\/p>\n\n\n\n<figure class=\"wp-block-image size-large is-resized\"><img loading=\"lazy\" decoding=\"async\" width=\"1024\" height=\"771\" src=\"https:\/\/flajs.eu\/wp-content\/uploads\/2024\/09\/IMG_20240910_120534-1024x771.jpg\" alt=\"\" class=\"wp-image-45\" style=\"width:444px;height:auto\" srcset=\"https:\/\/flajs.eu\/wp-content\/uploads\/2024\/09\/IMG_20240910_120534-1024x771.jpg 1024w, https:\/\/flajs.eu\/wp-content\/uploads\/2024\/09\/IMG_20240910_120534-300x226.jpg 300w, https:\/\/flajs.eu\/wp-content\/uploads\/2024\/09\/IMG_20240910_120534-768x578.jpg 768w, https:\/\/flajs.eu\/wp-content\/uploads\/2024\/09\/IMG_20240910_120534-1536x1157.jpg 1536w, https:\/\/flajs.eu\/wp-content\/uploads\/2024\/09\/IMG_20240910_120534-2048x1542.jpg 2048w\" sizes=\"auto, (max-width: 1024px) 100vw, 1024px\" \/><\/figure>\n\n\n\n<p><\/p>\n\n\n\n<p><strong>Zamenjava ostre\u0161ja<\/strong><\/p>\n\n\n\n<p>Pri projektu zamenjave ostre\u0161ja na starej\u0161em objektu smo uspe\u0161no prenovili staro stre\u0161no konstrukcijo, s \u010dimer smo zagotovili ve\u010djo varnost in trajnost objekta. Na\u0161a ekipa je poskrbela za natan\u010dno izvedbo vseh faz dela \u2013 od odstranitve starega ostre\u0161ja do vgradnje nove strehe z modernimi materiali, ki nudijo bolj\u0161o izolacijo in vremensko odpornost.<\/p>\n\n\n\n<div class=\"wp-block-group is-layout-grid wp-container-core-group-is-layout-478b6e6b wp-block-group-is-layout-grid\">\n<figure class=\"wp-block-image size-large is-resized\"><img loading=\"lazy\" decoding=\"async\" width=\"771\" height=\"1024\" src=\"https:\/\/flajs.eu\/wp-content\/uploads\/2024\/09\/IMG_20240822_115646-771x1024.jpg\" alt=\"\" class=\"wp-image-46\" style=\"width:236px;height:auto\" srcset=\"https:\/\/flajs.eu\/wp-content\/uploads\/2024\/09\/IMG_20240822_115646-771x1024.jpg 771w, https:\/\/flajs.eu\/wp-content\/uploads\/2024\/09\/IMG_20240822_115646-226x300.jpg 226w, https:\/\/flajs.eu\/wp-content\/uploads\/2024\/09\/IMG_20240822_115646-768x1020.jpg 768w, https:\/\/flajs.eu\/wp-content\/uploads\/2024\/09\/IMG_20240822_115646-1157x1536.jpg 1157w, https:\/\/flajs.eu\/wp-content\/uploads\/2024\/09\/IMG_20240822_115646-1542x2048.jpg 1542w, https:\/\/flajs.eu\/wp-content\/uploads\/2024\/09\/IMG_20240822_115646-scaled.jpg 1928w\" sizes=\"auto, (max-width: 771px) 100vw, 771px\" \/><\/figure>\n\n\n\n<figure class=\"wp-block-image size-large is-resized\"><img loading=\"lazy\" decoding=\"async\" width=\"771\" height=\"1024\" src=\"https:\/\/flajs.eu\/wp-content\/uploads\/2024\/09\/IMG_20240823_190812-771x1024.jpg\" alt=\"\" class=\"wp-image-47\" style=\"width:236px;height:auto\" srcset=\"https:\/\/flajs.eu\/wp-content\/uploads\/2024\/09\/IMG_20240823_190812-771x1024.jpg 771w, https:\/\/flajs.eu\/wp-content\/uploads\/2024\/09\/IMG_20240823_190812-226x300.jpg 226w, https:\/\/flajs.eu\/wp-content\/uploads\/2024\/09\/IMG_20240823_190812-768x1020.jpg 768w, https:\/\/flajs.eu\/wp-content\/uploads\/2024\/09\/IMG_20240823_190812-1157x1536.jpg 1157w, https:\/\/flajs.eu\/wp-content\/uploads\/2024\/09\/IMG_20240823_190812-1542x2048.jpg 1542w, https:\/\/flajs.eu\/wp-content\/uploads\/2024\/09\/IMG_20240823_190812-scaled.jpg 1928w\" sizes=\"auto, (max-width: 771px) 100vw, 771px\" \/><\/figure>\n\n\n\n<div class=\"wp-block-group has-global-padding is-layout-constrained wp-block-group-is-layout-constrained\">\n<div class=\"wp-block-group has-global-padding is-layout-constrained wp-block-group-is-layout-constrained\">\n<div class=\"wp-block-group has-global-padding is-layout-constrained wp-block-group-is-layout-constrained\">\n<figure class=\"wp-block-image size-large is-resized\"><img loading=\"lazy\" decoding=\"async\" width=\"771\" height=\"1024\" src=\"https:\/\/flajs.eu\/wp-content\/uploads\/2024\/09\/IMG_20240825_113822-771x1024.jpg\" alt=\"\" class=\"wp-image-48\" style=\"width:236px;height:auto\" srcset=\"https:\/\/flajs.eu\/wp-content\/uploads\/2024\/09\/IMG_20240825_113822-771x1024.jpg 771w, https:\/\/flajs.eu\/wp-content\/uploads\/2024\/09\/IMG_20240825_113822-226x300.jpg 226w, https:\/\/flajs.eu\/wp-content\/uploads\/2024\/09\/IMG_20240825_113822-768x1020.jpg 768w, https:\/\/flajs.eu\/wp-content\/uploads\/2024\/09\/IMG_20240825_113822-1157x1536.jpg 1157w, https:\/\/flajs.eu\/wp-content\/uploads\/2024\/09\/IMG_20240825_113822-1542x2048.jpg 1542w, https:\/\/flajs.eu\/wp-content\/uploads\/2024\/09\/IMG_20240825_113822-scaled.jpg 1928w\" sizes=\"auto, (max-width: 771px) 100vw, 771px\" \/><\/figure>\n<\/div>\n<\/div>\n<\/div>\n<\/div>\n\n\n\n<p><\/p>\n\n\n\n<p><strong>Izdelava stopnic na vrtu<\/strong><\/p>\n\n\n\n<p>V tem projektu smo odstranili dotrajane lesene stopnice, ki so bile prekrite z mahom in vegetacijo, ter namestili nove betonske stopnice. S tem smo izbolj\u0161ali tako varnost kot estetiko prostora, saj so nove stopnice bolj trpe\u017ene, odporne proti vremenskim vplivom in zahtevajo manj vzdr\u017eevanja. Na\u0161a ekipa je poskrbela za natan\u010dno izvedbo vsake faze, od odstranjevanja starih elementov do polaganja betona in kon\u010dne ureditve s prodnikom, ki zagotavlja stabilnost in lep kon\u010dni videz. Projekt smo uspe\u0161no zaklju\u010dili, naro\u010dnik pa je bil zelo zadovoljen z rezultatom.<\/p>\n\n\n\n<figure class=\"wp-block-image size-large is-resized\"><img loading=\"lazy\" decoding=\"async\" width=\"1024\" height=\"1024\" src=\"https:\/\/flajs.eu\/wp-content\/uploads\/2024\/09\/20240809_090353-1024x1024.jpg\" alt=\"\" class=\"wp-image-49\" style=\"width:316px;height:auto\" srcset=\"https:\/\/flajs.eu\/wp-content\/uploads\/2024\/09\/20240809_090353-1024x1024.jpg 1024w, https:\/\/flajs.eu\/wp-content\/uploads\/2024\/09\/20240809_090353-300x300.jpg 300w, https:\/\/flajs.eu\/wp-content\/uploads\/2024\/09\/20240809_090353-150x150.jpg 150w, https:\/\/flajs.eu\/wp-content\/uploads\/2024\/09\/20240809_090353-768x768.jpg 768w, https:\/\/flajs.eu\/wp-content\/uploads\/2024\/09\/20240809_090353.jpg 1280w\" sizes=\"auto, (max-width: 1024px) 100vw, 1024px\" \/><\/figure>\n\n\n\n<p><strong>Izdelava nadstre\u0161ka<\/strong>:<\/p>\n\n\n\n<p>Izdelali smo kakovosten in trpe\u017een leseni nadstre\u0161ek za en avto, ki zdru\u017euje preprost dizajn in prakti\u010dnost. Poskrbimo za celoten proces: od priprave potrebne dokumentacije in izvedbe temeljev do natan\u010dne izdelave in monta\u017ee. Nadstre\u0161ek je izdelan iz kakovostnega lesa, ki je za\u0161\u010diten pred vremenskimi vplivi, ter ponuja u\u010dinkovito za\u0161\u010dito va\u0161ega vozila pred soncem, de\u017ejem in snegom. S preprostim, a elegantnim izgledom se lepo poda k vsaki hi\u0161i ali dvori\u0161\u010du. Va\u0161 avtomobil si zaslu\u017ei pravo za\u0161\u010dito!<\/p>\n\n\n\n<figure class=\"wp-block-image size-large is-resized\"><img loading=\"lazy\" decoding=\"async\" width=\"771\" height=\"1024\" src=\"https:\/\/flajs.eu\/wp-content\/uploads\/2024\/11\/IMG_20241114_102817-771x1024.jpg\" alt=\"\" class=\"wp-image-62\" style=\"width:269px;height:auto\" srcset=\"https:\/\/flajs.eu\/wp-content\/uploads\/2024\/11\/IMG_20241114_102817-771x1024.jpg 771w, https:\/\/flajs.eu\/wp-content\/uploads\/2024\/11\/IMG_20241114_102817-226x300.jpg 226w, https:\/\/flajs.eu\/wp-content\/uploads\/2024\/11\/IMG_20241114_102817-768x1020.jpg 768w, https:\/\/flajs.eu\/wp-content\/uploads\/2024\/11\/IMG_20241114_102817-1157x1536.jpg 1157w, https:\/\/flajs.eu\/wp-content\/uploads\/2024\/11\/IMG_20241114_102817-1542x2048.jpg 1542w, https:\/\/flajs.eu\/wp-content\/uploads\/2024\/11\/IMG_20241114_102817-scaled.jpg 1928w\" sizes=\"auto, (max-width: 771px) 100vw, 771px\" \/><\/figure>\n\n\n\n<p><strong>\u0160e nekaj manj\u0161ih projektov:<\/strong><\/p>\n\n\n\n<figure class=\"wp-block-image size-large is-resized\"><img loading=\"lazy\" decoding=\"async\" width=\"1024\" height=\"1024\" src=\"https:\/\/flajs.eu\/wp-content\/uploads\/2024\/09\/20240809_090527-1024x1024.jpg\" alt=\"\" class=\"wp-image-51\" style=\"width:310px;height:auto\" srcset=\"https:\/\/flajs.eu\/wp-content\/uploads\/2024\/09\/20240809_090527-1024x1024.jpg 1024w, https:\/\/flajs.eu\/wp-content\/uploads\/2024\/09\/20240809_090527-300x300.jpg 300w, https:\/\/flajs.eu\/wp-content\/uploads\/2024\/09\/20240809_090527-150x150.jpg 150w, https:\/\/flajs.eu\/wp-content\/uploads\/2024\/09\/20240809_090527-768x768.jpg 768w, https:\/\/flajs.eu\/wp-content\/uploads\/2024\/09\/20240809_090527.jpg 1280w\" sizes=\"auto, (max-width: 1024px) 100vw, 1024px\" \/><figcaption class=\"wp-element-caption\">Popravilo ograje<\/figcaption><\/figure>\n\n\n\n<p>Predstavili smo vam le nekaj izmed na\u0161ih uspe\u0161no zaklju\u010denih projektov. Zavezani smo k zagotavljanju vrhunske kakovosti in strokovnosti pri vsakem projektu, ne glede na njegovo velikost ali zahtevnost. Veselimo se novih izzivov in prilo\u017enosti, da vam poka\u017eemo na\u0161e znanje in predanost tudi pri va\u0161ih projektih. Za ve\u010d informacij nas kontaktirajte \u2013 z veseljem bomo sodelovali z vami.<\/p>\n\n\n\n<p><\/p>\n","protected":false},"excerpt":{"rendered":"<p>Tukaj si lahko ogledate nekaj preteklih projektov: Izdelava kopalnice Pri projektu kopalnice smo naredili kompletno storitev. Torej vse od suhomonta\u017enih sten, polaganja plo\u0161\u010dic, polaganja spc panelov in vgradnja tu\u0161 kadi. Monta\u017ea kuhinje. Ali ni super, ko ti ni treba klicati treh mojstrov za monta\u017eo kuhinje, ampak ti vse naredi en mojster? Seveda je, na\u0161i stranki [&hellip;]<\/p>\n","protected":false},"author":1,"featured_media":0,"parent":0,"menu_order":0,"comment_status":"closed","ping_status":"closed","template":"","meta":{"footnotes":""},"class_list":["post-43","page","type-page","status-publish","hentry"],"_links":{"self":[{"href":"https:\/\/flajs.eu\/index.php\/wp-json\/wp\/v2\/pages\/43","targetHints":{"allow":["GET"]}}],"collection":[{"href":"https:\/\/flajs.eu\/index.php\/wp-json\/wp\/v2\/pages"}],"about":[{"href":"https:\/\/flajs.eu\/index.php\/wp-json\/wp\/v2\/types\/page"}],"author":[{"embeddable":true,"href":"https:\/\/flajs.eu\/index.php\/wp-json\/wp\/v2\/users\/1"}],"replies":[{"embeddable":true,"href":"https:\/\/flajs.eu\/index.php\/wp-json\/wp\/v2\/comments?post=43"}],"version-history":[{"count":5,"href":"https:\/\/flajs.eu\/index.php\/wp-json\/wp\/v2\/pages\/43\/revisions"}],"predecessor-version":[{"id":92,"href":"https:\/\/flajs.eu\/index.php\/wp-json\/wp\/v2\/pages\/43\/revisions\/92"}],"wp:attachment":[{"href":"https:\/\/flajs.eu\/index.php\/wp-json\/wp\/v2\/media?parent=43"}],"curies":[{"name":"wp","href":"https:\/\/api.w.org\/{rel}","templated":true}]}}