{"id":68,"date":"2024-12-03T07:29:42","date_gmt":"2024-12-03T07:29:42","guid":{"rendered":"https:\/\/flajs.eu\/?page_id=68"},"modified":"2026-01-24T16:15:01","modified_gmt":"2026-01-24T16:15:01","slug":"cenik","status":"publish","type":"page","link":"https:\/\/flajs.eu\/index.php\/cenik\/","title":{"rendered":"Cenik"},"content":{"rendered":"\n<p><strong>Cenik storitev 2026<\/strong><\/p>\n\n\n\n<h3 class=\"wp-block-heading\"><strong>Vodovodne storitve:<\/strong><\/h3>\n\n\n\n<ul class=\"wp-block-list\">\n<li>Menjava pipe, sifona: <strong>40 \u20ac\/kos<\/strong><\/li>\n\n\n\n<li>Menjava \u0161koljke\/umivalnika: <strong>70-80 \u20ac\/kos<\/strong><\/li>\n\n\n\n<li>Menjava WC deske: <strong>20 \u20ac\/kos<\/strong><\/li>\n\n\n\n<li>Menjava\/monta\u017ea bojlerja (vklju\u010dno z vijaki in sidrno maso): <strong>120-140 \u20ac\/kos<\/strong><\/li>\n\n\n\n<li>Menjava nadometnega kotli\u010dka: <strong>50<\/strong><\/li>\n\n\n\n<li><strong> \u20ac\/kos<\/strong><\/li>\n<\/ul>\n\n\n\n<h3 class=\"wp-block-heading\"><strong>Elektri\u010dne storitve:<\/strong><\/h3>\n\n\n\n<ul class=\"wp-block-list\">\n<li>Menjava \u017earnice, vti\u010dnice, stikala: <strong>15-20 \u20ac\/kos<\/strong><\/li>\n\n\n\n<li>Monta\u017ea lu\u010di <strong>30-40\u20ac\/kos<\/strong><\/li>\n<\/ul>\n\n\n\n<h3 class=\"wp-block-heading\"><strong>Mizarska in klju\u010davni\u010darska dela:<\/strong><\/h3>\n\n\n\n<ul class=\"wp-block-list\">\n<li>Menjava spon (panti) na omaricah: <strong>5 \u20ac\/kos<\/strong><\/li>\n\n\n\n<li>Menjava tesnila na lesenih oknih: <strong>5 \u20ac\/tm<\/strong><\/li>\n\n\n\n<li>Menjava klju\u010davnice: <strong>25 \u20ac\/kos<\/strong><\/li>\n\n\n\n<li>Vgradnja tesnil v starej\u0161a okna (vklju\u010dno s tesnili): <strong>12 \u20ac\/tm<\/strong><\/li>\n<\/ul>\n\n\n\n<h3 class=\"wp-block-heading\"><strong>Monta\u017ea in sestavljanje pohi\u0161tva:<\/strong><\/h3>\n\n\n\n<ul class=\"wp-block-list\">\n<li>Monta\u017ea\/menjava manj\u0161ih elementov: <strong>25 \u20ac\/kos<\/strong><\/li>\n\n\n\n<li>Sestavljanje manj\u0161ih kosov pohi\u0161tva (npr. no\u010dne omarice): <strong>40-50 \u20ac\/kos<\/strong><\/li>\n\n\n\n<li>Sestavljanje srednje zahtevnih kosov (npr. komode, mize): <strong>80-130 \u20ac\/kos<\/strong><\/li>\n\n\n\n<li>Sestavljanje ve\u010djih kosov (npr. omare, postelje):<strong>150-250 \u20ac\/kos<\/strong><\/li>\n\n\n\n<li>Pritrditev polic, ogledal, slik: <strong>15\u201325 \u20ac\/kos<\/strong><\/li>\n<\/ul>\n\n\n\n<h3 class=\"wp-block-heading\"><strong>Servis in popravila:<\/strong><\/h3>\n\n\n\n<ul class=\"wp-block-list\">\n<li>Hitri servis vrat\/oken (odprava pove\u0161enosti, mazanje te\u010dajev, okovja): <strong>20 \u20ac\/kos<\/strong><\/li>\n\n\n\n<li>Menjava po\u010dene plo\u0161\u010dice z fugiranjem (plo\u0161\u010dice do 0,5m\u00b2,odstranitev stare plo\u0161\u010dice, lepljenje nove plo\u0161\u010dice, fugiranje): <strong>50-60 \u20ac\/kos<\/strong><\/li>\n\n\n\n<li>Menjava po\u010dene plo\u0161\u010dice vklju\u010dno s podlago (npr. starej\u0161i balkoni) <strong>90-100\u20ac\/kos<\/strong><\/li>\n<\/ul>\n\n\n\n<h3 class=\"wp-block-heading\"><strong>Izposoja orodja:<\/strong><\/h3>\n\n\n\n<ul class=\"wp-block-list\">\n<li><strong>Vibracijska plo\u0161\u010da<\/strong>, bencin, mo\u010d zabijanja 2,3t. <\/li>\n<\/ul>\n\n\n\n<p>Cena najema: 90\u20ac\/dan, 390\u20ac\/5dni.  Pla\u010dilo kavcije: 200\u20ac (vrne se ob nepo\u0161kodovanem orodju)<\/p>\n\n\n\n<ul class=\"wp-block-list\">\n<li><strong>Zemeljski vrtalnik<\/strong>, me\u0161anica bencin-olje, nastavki premer 100mm, 150mm, 200mm <\/li>\n<\/ul>\n\n\n\n<p>Cena najema: 110\u20ac\/dan, 420\u20ac\/5dni.  Pla\u010dilo kavcije 90\u20ac (vrne se ob nepo\u0161kodovanem orodju).<\/p>\n\n\n\n<ul class=\"wp-block-list\">\n<li><strong>Me\u0161alec za beton 150l<\/strong>, 220v priklju\u010dek. <\/li>\n<\/ul>\n\n\n\n<p>Cena najema: 40\u20ac\/dan, 180\u20ac\/5dni. Pla\u010dilo kavcije: 120\u20ac ( vrne se ob nepo\u0161kodovanem in opranem orodju).<\/p>\n\n\n\n<h3 class=\"wp-block-heading\"><strong>Prevoz:<\/strong><\/h3>\n\n\n\n<ul class=\"wp-block-list\">\n<li>Lokalni prevoz (do 10 km okolica Radovljice): <strong>15\u201325 \u20ac<\/strong><\/li>\n\n\n\n<li>Prevoz na dalj\u0161e razdalje (nad 10 km): <strong>0,30\u20130,50 \u20ac\/km<\/strong> (obra\u010dunava se v obe smeri)<\/li>\n\n\n\n<li>Dodatni stro\u0161ki (\u010de je potrebno):\n<ul class=\"wp-block-list\">\n<li>Prenos tovora po stopnicah: <strong>5\u201310 \u20ac\/nadstropje<\/strong><\/li>\n\n\n\n<li>\u010cas \u010dakanja na lokaciji: <strong>10\u201315 \u20ac\/uro<\/strong><\/li>\n\n\n\n<li>Dopla\u010dilo (ve\u010der, vikendi, prazniki): <strong>+40\u201350 %<\/strong> na osnovno ceno<\/li>\n<\/ul>\n<\/li>\n<\/ul>\n\n\n\n<hr class=\"wp-block-separator has-alpha-channel-opacity\"\/>\n\n\n\n<p><strong>Opombe:<\/strong><\/p>\n\n\n\n<ul class=\"wp-block-list\">\n<li>Navedene cene ne vklju\u010dujejo DDV, saj nisem dav\u010dni zavezanec.<\/li>\n\n\n\n<li>Cene ne vklju\u010dujejo materiala, razen kjer je to izrecno omenjeno.<\/li>\n\n\n\n<li>Cene se lahko razlikujejo glede na posebne okoli\u0161\u010dine ali zahtevnost dela. <\/li>\n\n\n\n<li>Za ve\u010dje projekte se cena dolo\u010di po ogledu. <\/li>\n\n\n\n<li>Stro\u0161ek prevoza se obra\u010duna posebej.<\/li>\n<\/ul>\n\n\n\n<p><\/p>\n","protected":false},"excerpt":{"rendered":"<p>Cenik storitev 2026 Vodovodne storitve: Elektri\u010dne storitve: Mizarska in klju\u010davni\u010darska dela: Monta\u017ea in sestavljanje pohi\u0161tva: Servis in popravila: Izposoja orodja: Cena najema: 90\u20ac\/dan, 390\u20ac\/5dni. Pla\u010dilo kavcije: 200\u20ac (vrne se ob nepo\u0161kodovanem orodju) Cena najema: 110\u20ac\/dan, 420\u20ac\/5dni. Pla\u010dilo kavcije 90\u20ac (vrne se ob nepo\u0161kodovanem orodju). Cena najema: 40\u20ac\/dan, 180\u20ac\/5dni. Pla\u010dilo kavcije: 120\u20ac ( vrne se ob [&hellip;]<\/p>\n","protected":false},"author":1,"featured_media":0,"parent":0,"menu_order":0,"comment_status":"closed","ping_status":"closed","template":"","meta":{"footnotes":""},"class_list":["post-68","page","type-page","status-publish","hentry"],"_links":{"self":[{"href":"https:\/\/flajs.eu\/index.php\/wp-json\/wp\/v2\/pages\/68","targetHints":{"allow":["GET"]}}],"collection":[{"href":"https:\/\/flajs.eu\/index.php\/wp-json\/wp\/v2\/pages"}],"about":[{"href":"https:\/\/flajs.eu\/index.php\/wp-json\/wp\/v2\/types\/page"}],"author":[{"embeddable":true,"href":"https:\/\/flajs.eu\/index.php\/wp-json\/wp\/v2\/users\/1"}],"replies":[{"embeddable":true,"href":"https:\/\/flajs.eu\/index.php\/wp-json\/wp\/v2\/comments?post=68"}],"version-history":[{"count":7,"href":"https:\/\/flajs.eu\/index.php\/wp-json\/wp\/v2\/pages\/68\/revisions"}],"predecessor-version":[{"id":95,"href":"https:\/\/flajs.eu\/index.php\/wp-json\/wp\/v2\/pages\/68\/revisions\/95"}],"wp:attachment":[{"href":"https:\/\/flajs.eu\/index.php\/wp-json\/wp\/v2\/media?parent=68"}],"curies":[{"name":"wp","href":"https:\/\/api.w.org\/{rel}","templated":true}]}}